{"id":299,"date":"2022-01-07T18:01:37","date_gmt":"2022-01-07T18:01:37","guid":{"rendered":"http:\/\/continuumc.com\/?page_id=299"},"modified":"2022-01-17T17:39:00","modified_gmt":"2022-01-17T17:39:00","slug":"experiences","status":"publish","type":"page","link":"https:\/\/continuumc.com\/?page_id=299","title":{"rendered":"Exp\u00e9riences"},"content":{"rendered":"\n\n\n\n\n<div style=\"height:38px\" aria-hidden=\"true\" class=\"wp-block-spacer\"><\/div>\n\n\n\n<div class=\"wp-block-media-text alignwide is-stacked-on-mobile is-vertically-aligned-center is-image-fill\" style=\"grid-template-columns:48% auto\"><figure class=\"wp-block-media-text__media\" style=\"background-image:url(http:\/\/continuumc.com\/wp-content\/uploads\/2022\/01\/Screen-Shot-2022-01-13-at-1.26.54-PM-1024x711.png);background-position:54% 60%\"><img loading=\"lazy\" decoding=\"async\" width=\"1024\" height=\"711\" src=\"http:\/\/continuumc.com\/wp-content\/uploads\/2022\/01\/Screen-Shot-2022-01-13-at-1.26.54-PM-1024x711.png\" alt=\"\" class=\"wp-image-636 size-large\" srcset=\"https:\/\/continuumc.com\/wp-content\/uploads\/2022\/01\/Screen-Shot-2022-01-13-at-1.26.54-PM-1024x711.png 1024w, https:\/\/continuumc.com\/wp-content\/uploads\/2022\/01\/Screen-Shot-2022-01-13-at-1.26.54-PM-300x208.png 300w, https:\/\/continuumc.com\/wp-content\/uploads\/2022\/01\/Screen-Shot-2022-01-13-at-1.26.54-PM-768x533.png 768w, https:\/\/continuumc.com\/wp-content\/uploads\/2022\/01\/Screen-Shot-2022-01-13-at-1.26.54-PM.png 1362w\" sizes=\"(max-width: 1024px) 100vw, 1024px\" \/><\/figure><div class=\"wp-block-media-text__content\">\n<h3 class=\"has-text-align-left wp-block-heading\">Visitez&nbsp;les liens pour conna\u00eetre plus \u00e0 propos de nos histoires de succ\u00e8s!<\/h3>\n\n\n\n<p class=\"has-small-font-size\"><strong>Coaching Technologies:<\/strong>\u00a0<a rel=\"noreferrer noopener\" href=\"https:\/\/www.play360.ca\/\" target=\"_blank\">https:\/\/www.play360.ca<\/a><\/p>\n\n\n\n<p class=\"has-small-font-size\"><strong>Etterra Biotransformation:<\/strong> <a href=\"https:\/\/etterra.ca\" data-type=\"URL\" data-id=\"https:\/\/etterra.ca\">https:\/\/etterra.ca<\/a>\/<\/p>\n\n\n\n<p class=\"has-small-font-size\"><strong>Feldan Therapeutics:\u00a0<\/strong><a rel=\"noreferrer noopener\" href=\"https:\/\/www.feldan.com\/fr\/\" target=\"_blank\">https:\/\/www.feldan.com\/fr\/<\/a><\/p>\n\n\n\n<p class=\"has-small-font-size\"><strong>Immune Biosolutions: <\/strong><a rel=\"noreferrer noopener\" href=\"https:\/\/immunebiosolutions.com\/\" target=\"_blank\">https:\/\/immunebiosolutions.com\/<\/a><\/p>\n\n\n\n<p class=\"has-small-font-size\"><strong>Innov2Learn:<\/strong> <a href=\"https:\/\/innov2learn.ca\">https:\/\/innov2learn.ca<\/a><em>\/<\/em><\/p>\n\n\n\n<p class=\"has-small-font-size\"><strong>N.X.T. Process :<\/strong>\u00a0<a rel=\"noreferrer noopener\" href=\"https:\/\/nxtprocess.com\/\" target=\"_blank\">https:\/\/nxtprocess.com\/<\/a><\/p>\n\n\n\n<p class=\"has-small-font-size\"><strong>Pooshi:<\/strong> <a rel=\"noreferrer noopener\" href=\"https:\/\/www.pooshi.ca\" target=\"_blank\">https:\/\/www.pooshi.ca<\/a>\/<\/p>\n\n\n\n<p class=\"has-small-font-size\"><strong>Statera M\u00e9dical:\u00a0<\/strong><a rel=\"noreferrer noopener\" href=\"https:\/\/www.stateramedical.com\/\" target=\"_blank\">https:\/\/www.stateramedical.com\/<\/a><\/p>\n\n\n\n<p class=\"has-small-font-size\"><strong>Woof Pack: <\/strong><a rel=\"noreferrer noopener\" href=\"https:\/\/fr.woofpacks.ca\/\" target=\"_blank\">https:\/\/fr.woofpacks.ca\/<\/a><\/p>\n<\/div><\/div>\n\n\n\n<div style=\"height:17px\" aria-hidden=\"true\" class=\"wp-block-spacer\"><\/div>\n\n\n\n<div style=\"height:27px\" aria-hidden=\"true\" class=\"wp-block-spacer\"><\/div>\n\n\n\n<figure class=\"wp-block-gallery aligncenter columns-3 is-cropped wp-block-gallery-1 is-layout-flex wp-block-gallery-is-layout-flex\"><ul class=\"blocks-gallery-grid\"><li class=\"blocks-gallery-item\"><figure><img loading=\"lazy\" decoding=\"async\" width=\"300\" height=\"175\" src=\"http:\/\/continuumc.com\/wp-content\/uploads\/2022\/01\/business-people-shaking-hands-meeting-room_53876-15185-300x175.jpg\" alt=\"\" data-id=\"644\" data-link=\"http:\/\/continuumc.com\/?attachment_id=644\" class=\"wp-image-644\" srcset=\"https:\/\/continuumc.com\/wp-content\/uploads\/2022\/01\/business-people-shaking-hands-meeting-room_53876-15185-300x175.jpg 300w, https:\/\/continuumc.com\/wp-content\/uploads\/2022\/01\/business-people-shaking-hands-meeting-room_53876-15185.jpg 626w\" sizes=\"(max-width: 300px) 100vw, 300px\" \/><\/figure><\/li><li class=\"blocks-gallery-item\"><figure><img loading=\"lazy\" decoding=\"async\" width=\"300\" height=\"200\" src=\"http:\/\/continuumc.com\/wp-content\/uploads\/2022\/01\/successful-happy-business-team_53876-74892-300x200.jpg\" alt=\"\" data-id=\"645\" data-link=\"http:\/\/continuumc.com\/?attachment_id=645\" class=\"wp-image-645\" srcset=\"https:\/\/continuumc.com\/wp-content\/uploads\/2022\/01\/successful-happy-business-team_53876-74892-300x200.jpg 300w, https:\/\/continuumc.com\/wp-content\/uploads\/2022\/01\/successful-happy-business-team_53876-74892.jpg 626w\" sizes=\"(max-width: 300px) 100vw, 300px\" \/><\/figure><\/li><li class=\"blocks-gallery-item\"><figure><img loading=\"lazy\" decoding=\"async\" width=\"300\" height=\"200\" src=\"http:\/\/continuumc.com\/wp-content\/uploads\/2022\/01\/business-executives-discussing-with-their-colleagues-whiteboa_1170-1837-300x200.jpg\" alt=\"\" data-id=\"648\" data-full-url=\"http:\/\/continuumc.com\/wp-content\/uploads\/2022\/01\/business-executives-discussing-with-their-colleagues-whiteboa_1170-1837.jpg\" data-link=\"http:\/\/continuumc.com\/?attachment_id=648\" class=\"wp-image-648\" srcset=\"https:\/\/continuumc.com\/wp-content\/uploads\/2022\/01\/business-executives-discussing-with-their-colleagues-whiteboa_1170-1837-300x200.jpg 300w, https:\/\/continuumc.com\/wp-content\/uploads\/2022\/01\/business-executives-discussing-with-their-colleagues-whiteboa_1170-1837.jpg 626w\" sizes=\"(max-width: 300px) 100vw, 300px\" \/><\/figure><\/li><\/ul><\/figure>\n","protected":false},"excerpt":{"rendered":"<p>Visitez&nbsp;les liens pour conna\u00eetre plus \u00e0 propos de nos histoires de succ\u00e8s! Coaching Technologies:\u00a0https:\/\/www.play360.ca Etterra Biotransformation: https:\/\/etterra.ca\/ Feldan Therapeutics:\u00a0https:\/\/www.feldan.com\/fr\/ Immune Biosolutions: https:\/\/immunebiosolutions.com\/ Innov2Learn: https:\/\/innov2learn.ca\/ N.X.T. Process :\u00a0https:\/\/nxtprocess.com\/ Pooshi: https:\/\/www.pooshi.ca\/ Statera M\u00e9dical:\u00a0https:\/\/www.stateramedical.com\/ Woof Pack: https:\/\/fr.woofpacks.ca\/<\/p>\n","protected":false},"author":1,"featured_media":0,"parent":0,"menu_order":0,"comment_status":"closed","ping_status":"closed","template":"","meta":{"footnotes":""},"_links":{"self":[{"href":"https:\/\/continuumc.com\/index.php?rest_route=\/wp\/v2\/pages\/299"}],"collection":[{"href":"https:\/\/continuumc.com\/index.php?rest_route=\/wp\/v2\/pages"}],"about":[{"href":"https:\/\/continuumc.com\/index.php?rest_route=\/wp\/v2\/types\/page"}],"author":[{"embeddable":true,"href":"https:\/\/continuumc.com\/index.php?rest_route=\/wp\/v2\/users\/1"}],"replies":[{"embeddable":true,"href":"https:\/\/continuumc.com\/index.php?rest_route=%2Fwp%2Fv2%2Fcomments&post=299"}],"version-history":[{"count":73,"href":"https:\/\/continuumc.com\/index.php?rest_route=\/wp\/v2\/pages\/299\/revisions"}],"predecessor-version":[{"id":783,"href":"https:\/\/continuumc.com\/index.php?rest_route=\/wp\/v2\/pages\/299\/revisions\/783"}],"wp:attachment":[{"href":"https:\/\/continuumc.com\/index.php?rest_route=%2Fwp%2Fv2%2Fmedia&parent=299"}],"curies":[{"name":"wp","href":"https:\/\/api.w.org\/{rel}","templated":true}]}}