{"id":30,"date":"2022-01-05T17:29:26","date_gmt":"2022-01-05T17:29:26","guid":{"rendered":"http:\/\/continuumc.com\/?page_id=30"},"modified":"2022-01-14T22:34:36","modified_gmt":"2022-01-14T22:34:36","slug":"30-2","status":"publish","type":"page","link":"https:\/\/continuumc.com\/?page_id=30","title":{"rendered":"Pourquoi Continuum"},"content":{"rendered":"\n<h2 class=\"has-text-align-center wp-block-heading\">Plaisir, D\u00e9vouement, Compr\u00e9hension, Respect, Professionnalisme, Exp\u00e9rience<\/h2>\n\n\n\n<div class=\"wp-block-media-text alignwide is-stacked-on-mobile is-image-fill\" style=\"grid-template-columns:46% auto\"><figure class=\"wp-block-media-text__media\" style=\"background-image:url(http:\/\/continuumc.com\/wp-content\/uploads\/2022\/01\/excited-happy-multiracial-business-team-giving-high-five-office-meeting_1163-4652-3.jpeg);background-position:50% 56.00000000000001%\"><img loading=\"lazy\" decoding=\"async\" width=\"626\" height=\"417\" src=\"http:\/\/continuumc.com\/wp-content\/uploads\/2022\/01\/excited-happy-multiracial-business-team-giving-high-five-office-meeting_1163-4652-3.jpeg\" alt=\"\" class=\"wp-image-399 size-full\" srcset=\"https:\/\/continuumc.com\/wp-content\/uploads\/2022\/01\/excited-happy-multiracial-business-team-giving-high-five-office-meeting_1163-4652-3.jpeg 626w, https:\/\/continuumc.com\/wp-content\/uploads\/2022\/01\/excited-happy-multiracial-business-team-giving-high-five-office-meeting_1163-4652-3-300x200.jpeg 300w\" sizes=\"(max-width: 626px) 100vw, 626px\" \/><\/figure><div class=\"wp-block-media-text__content\">\n<h4 class=\"wp-block-heading\">Les professionnels de Continuum ont v\u00e9cu toutes les \u00e9tapes que vous avez v\u00e9cues et que vous vivrez:<\/h4>\n\n\n\n<p>La recherche de l\u2019Id\u00e9e&nbsp;<\/p>\n\n\n\n<p>Les r\u00e9flexions sur la pertinence de l\u2019id\u00e9e de produits et services&nbsp;<\/p>\n\n\n\n<p>Les difficult\u00e9s \u00e0 pr\u00e9ciser les besoins des clients en fonction de votre id\u00e9e&nbsp;<\/p>\n\n\n\n<p>Les commentaires des proches sur vos capacit\u00e9s \u00e0 mat\u00e9rialiser votre id\u00e9e&nbsp;<\/p>\n\n\n\n<p>Les longues heures de travail chevauchant vos \u00e9tudes et votre travail \u00e0 temps complet&nbsp;<\/p>\n\n\n\n<p>Le stress de l\u2019abandon de l\u2019emploi \u00e0 temps complet&nbsp;<\/p>\n\n\n\n<p>L\u2019obligation d\u2019utiliser vos \u00e9conomies pour d\u00e9marrer votre entreprise<\/p>\n\n\n\n<p>Votre incompr\u00e9hension sur le fait que les clients potentiels aiment le produit ou le service mais ne l\u2019ach\u00e8tent pas&nbsp;<\/p>\n\n\n\n<p>L\u2019excitation des premi\u00e8res ventes et l\u2019inqui\u00e9tude de la stagnation des premiers mois&nbsp;<\/p>\n\n\n\n<p>Le manque de liquidit\u00e9s&nbsp;<\/p>\n\n\n\n<p>Les r\u00e9flexions sur la pertinence de mettre le projet sur pause et de se refaire une sant\u00e9 \u00e9conomique en reprenant un emploi \u00e0 temps complet&nbsp;<\/p>\n\n\n\n<p>La sensation de la perte de contr\u00f4le occasionn\u00e9e par la croissance rapide des ventes<\/p>\n\n\n\n<p>La recherche de financement&nbsp;<\/p>\n\n\n\n<p>Le stress de la pr\u00e9sentation aux financiers&nbsp;<\/p>\n\n\n\n<p>L\u2019excitation de la pr\u00e9sentation aux      \u00ab Dragons \u00bb&nbsp;<\/p>\n\n\n\n<p>La strat\u00e9gie de l\u2019utilisation des fonds obtenus suite au financement&nbsp;<\/p>\n\n\n\n<p><\/p>\n<\/div><\/div>\n\n\n\n<div style=\"height:11px\" aria-hidden=\"true\" class=\"wp-block-spacer\"><\/div>\n\n\n\n<h4 class=\"has-text-align-center wp-block-heading\" style=\"font-size:18px\">Vous pouvez donc nous contacter en toute confiance sachant que nos professionnels vous \u00e9couteront attentivement, trouveront des solutions avec vous  et vous accompagneront lors de votre croissance<\/h4>\n\n\n\n<h5 class=\"has-text-align-center wp-block-heading\"> <\/h5>\n\n\n\n<figure class=\"wp-block-gallery aligncenter columns-3 is-cropped wp-block-gallery-1 is-layout-flex wp-block-gallery-is-layout-flex\"><ul class=\"blocks-gallery-grid\"><li class=\"blocks-gallery-item\"><figure><img loading=\"lazy\" decoding=\"async\" width=\"626\" height=\"417\" src=\"http:\/\/continuumc.com\/wp-content\/uploads\/2022\/01\/how-is-your-deals-group-people-business-conference-modern-classroom-daytime_146671-16408.jpeg\" alt=\"\" data-id=\"246\" data-full-url=\"http:\/\/continuumc.com\/wp-content\/uploads\/2022\/01\/how-is-your-deals-group-people-business-conference-modern-classroom-daytime_146671-16408.jpeg\" data-link=\"http:\/\/continuumc.com\/?attachment_id=246\" class=\"wp-image-246\" srcset=\"https:\/\/continuumc.com\/wp-content\/uploads\/2022\/01\/how-is-your-deals-group-people-business-conference-modern-classroom-daytime_146671-16408.jpeg 626w, https:\/\/continuumc.com\/wp-content\/uploads\/2022\/01\/how-is-your-deals-group-people-business-conference-modern-classroom-daytime_146671-16408-300x200.jpeg 300w\" sizes=\"(max-width: 626px) 100vw, 626px\" \/><\/figure><\/li><li class=\"blocks-gallery-item\"><figure><img loading=\"lazy\" decoding=\"async\" width=\"626\" height=\"299\" src=\"http:\/\/continuumc.com\/wp-content\/uploads\/2022\/01\/colleagues-giving-fist-bump_53876-64857.jpeg\" alt=\"\" data-id=\"245\" data-full-url=\"http:\/\/continuumc.com\/wp-content\/uploads\/2022\/01\/colleagues-giving-fist-bump_53876-64857.jpeg\" data-link=\"http:\/\/continuumc.com\/?attachment_id=245\" class=\"wp-image-245\" srcset=\"https:\/\/continuumc.com\/wp-content\/uploads\/2022\/01\/colleagues-giving-fist-bump_53876-64857.jpeg 626w, https:\/\/continuumc.com\/wp-content\/uploads\/2022\/01\/colleagues-giving-fist-bump_53876-64857-300x143.jpeg 300w\" sizes=\"(max-width: 626px) 100vw, 626px\" \/><\/figure><\/li><li class=\"blocks-gallery-item\"><figure><img loading=\"lazy\" decoding=\"async\" width=\"626\" height=\"417\" src=\"http:\/\/continuumc.com\/wp-content\/uploads\/2022\/01\/you-are-awesome-congratulations-business-people-manager-working-their-new-project-classroom_146671-16431-1.jpeg\" alt=\"\" data-id=\"418\" data-full-url=\"http:\/\/continuumc.com\/wp-content\/uploads\/2022\/01\/you-are-awesome-congratulations-business-people-manager-working-their-new-project-classroom_146671-16431-1.jpeg\" data-link=\"http:\/\/continuumc.com\/?attachment_id=418\" class=\"wp-image-418\" srcset=\"https:\/\/continuumc.com\/wp-content\/uploads\/2022\/01\/you-are-awesome-congratulations-business-people-manager-working-their-new-project-classroom_146671-16431-1.jpeg 626w, https:\/\/continuumc.com\/wp-content\/uploads\/2022\/01\/you-are-awesome-congratulations-business-people-manager-working-their-new-project-classroom_146671-16431-1-300x200.jpeg 300w\" sizes=\"(max-width: 626px) 100vw, 626px\" \/><\/figure><\/li><\/ul><\/figure>\n\n\n\n<div style=\"height:24px\" aria-hidden=\"true\" class=\"wp-block-spacer\"><\/div>\n\n\n\n<div class=\"wp-block-columns are-vertically-aligned-top is-layout-flex wp-container-core-columns-layout-2 wp-block-columns-is-layout-flex\">\n<div class=\"wp-block-column is-vertically-aligned-top is-layout-flow wp-block-column-is-layout-flow\" style=\"flex-basis:100%\">\n<div class=\"wp-block-group alignwide is-layout-flow wp-block-group-is-layout-flow\"><div class=\"wp-block-group__inner-container\">\n<div class=\"wp-block-columns alignwide is-layout-flex wp-container-core-columns-layout-1 wp-block-columns-is-layout-flex\">\n<div class=\"wp-block-column is-vertically-aligned-bottom is-layout-flow wp-block-column-is-layout-flow\" style=\"flex-basis:5000px\">\n<hr class=\"wp-block-separator\"\/>\n\n\n\n<p><\/p>\n<\/div>\n<\/div>\n<\/div><\/div>\n<\/div>\n<\/div>\n\n\n\n<div class=\"wp-block-group alignwide is-layout-flow wp-block-group-is-layout-flow\"><div class=\"wp-block-group__inner-container\">\n<div class=\"wp-block-columns is-layout-flex wp-container-core-columns-layout-3 wp-block-columns-is-layout-flex\">\n<div class=\"wp-block-column is-layout-flow wp-block-column-is-layout-flow\" style=\"flex-basis:100%\">\n<div class=\"wp-block-group alignwide is-layout-flow wp-block-group-is-layout-flow\"><div class=\"wp-block-group__inner-container\">\n<div class=\"wp-block-media-text alignwide is-stacked-on-mobile is-vertically-aligned-center is-image-fill\" style=\"grid-template-columns:32% auto\"><figure class=\"wp-block-media-text__media\" style=\"background-image:url(http:\/\/continuumc.com\/wp-content\/uploads\/2022\/01\/s-1-1001x1024.gif);background-position:48% 40%\"><img loading=\"lazy\" decoding=\"async\" width=\"1001\" height=\"1024\" src=\"http:\/\/continuumc.com\/wp-content\/uploads\/2022\/01\/s-1-1001x1024.gif\" alt=\"\" class=\"wp-image-528 size-full\" srcset=\"https:\/\/continuumc.com\/wp-content\/uploads\/2022\/01\/s-1-1001x1024.gif 1001w, https:\/\/continuumc.com\/wp-content\/uploads\/2022\/01\/s-1-293x300.gif 293w, https:\/\/continuumc.com\/wp-content\/uploads\/2022\/01\/s-1-768x786.gif 768w\" sizes=\"(max-width: 1001px) 100vw, 1001px\" \/><\/figure><div class=\"wp-block-media-text__content\">\n<h3 class=\"wp-block-heading\">Sylvain Chartier<\/h3>\n\n\n\n<h5 class=\"has-small-font-size wp-block-heading\">Fondateur<\/h5>\n\n\n\n<p class=\"has-small-font-size\">Gradu\u00e9 en G\u00e9nie Industriel de l\u2019\u00c9cole Polytechnique de Montr\u00e9al. D\u00e9tenant aussi un MBA de HEC Montr\u00e9al, r\u00e9ussi avec honneur. A aussi suivi avec succ\u00e8s son cours d&rsquo;Administrateur de Soci\u00e9t\u00e9, dispens\u00e9 par l&rsquo;Institut des Administrateurs de Soci\u00e9t\u00e9s. Durant sa carri\u00e8re il a occup\u00e9 des postes de responsabilit\u00e9s croissantes, en vente, marketing et fabrication de produits p\u00e9troliers, de produits de construction et de produits\u00a0pharmaceutiques et m\u00e9dicaux. Dans les ann\u00e9es 1990, avec 2 partenaires, il participe \u00e0 la fondation de Les Entreprises Solumed Inc., une compagnie pharmaceutique sp\u00e9cialis\u00e9e dans la formulation, la fabrication et la vente de produits d\u2019asepsie cutan\u00e9e. Notamment en tant que Pr\u00e9sident, il a dirig\u00e9 la croissance des ventes de plusieurs millions de $ au Canada et \u00e0 l\u2019international. Apr\u00e8s pr\u00e8s de 20 ans, Solumed fut vendu \u00e0 une entreprise multinationale list\u00e9e dans le \u00ab Fortune 100 \u00bb. Apr\u00e8s l\u2019acquisition, il a travaill\u00e9 \u00e0 l\u2019int\u00e9gration internationale des produits de Solumed pour cette entreprise. Au cours des derni\u00e8res ann\u00e9es il a int\u00e9gr\u00e9 l\u2019organisation Anges Qu\u00e9bec qui favorise le financement d\u2019entreprises innovantes en d\u00e9marrage et en croissance. Il collabore aussi avec l\u2019organisme Montr\u00e9al Inc. qui est une fondation philanthropique visant \u00e0 encourager les entrepreneurs \u00e0 poursuivre leur projet de d\u00e9marrage d\u2019entreprise. Il si\u00e8ge aussi sur des conseils d\u2019administration. M. Chartier peut contribuer de nombreuses mani\u00e8res \u00e0 vous accompagner dans vos projets.<\/p>\n\n\n\n<p class=\"has-vivid-cyan-blue-color has-text-color\"><a href=\"https:\/\/www.linkedin.com\/in\/sylvain-chartier-b-sc-ing-mba-ias-a-a2570a25\/\" data-type=\"URL\" data-id=\"https:\/\/www.linkedin.com\/in\/sylvain-chartier-b-sc-ing-mba-ias-a-a2570a25\/\">Profil Linkedln<\/a><\/p>\n<\/div><\/div>\n<\/div><\/div>\n<\/div>\n<\/div>\n<\/div><\/div>\n\n\n\n<div style=\"height:100px\" aria-hidden=\"true\" class=\"wp-block-spacer\"><\/div>\n","protected":false},"excerpt":{"rendered":"<p>Plaisir, D\u00e9vouement, Compr\u00e9hension, Respect, Professionnalisme, Exp\u00e9rience Les professionnels de Continuum ont v\u00e9cu toutes les \u00e9tapes que vous avez v\u00e9cues et que vous vivrez: La recherche de l\u2019Id\u00e9e&nbsp; Les r\u00e9flexions sur la pertinence de l\u2019id\u00e9e de produits et services&nbsp; Les difficult\u00e9s \u00e0 pr\u00e9ciser les besoins des clients en fonction de votre id\u00e9e&nbsp; Les commentaires des proches [&hellip;]<\/p>\n","protected":false},"author":0,"featured_media":0,"parent":0,"menu_order":0,"comment_status":"closed","ping_status":"closed","template":"","meta":{"footnotes":""},"_links":{"self":[{"href":"https:\/\/continuumc.com\/index.php?rest_route=\/wp\/v2\/pages\/30"}],"collection":[{"href":"https:\/\/continuumc.com\/index.php?rest_route=\/wp\/v2\/pages"}],"about":[{"href":"https:\/\/continuumc.com\/index.php?rest_route=\/wp\/v2\/types\/page"}],"replies":[{"embeddable":true,"href":"https:\/\/continuumc.com\/index.php?rest_route=%2Fwp%2Fv2%2Fcomments&post=30"}],"version-history":[{"count":188,"href":"https:\/\/continuumc.com\/index.php?rest_route=\/wp\/v2\/pages\/30\/revisions"}],"predecessor-version":[{"id":763,"href":"https:\/\/continuumc.com\/index.php?rest_route=\/wp\/v2\/pages\/30\/revisions\/763"}],"wp:attachment":[{"href":"https:\/\/continuumc.com\/index.php?rest_route=%2Fwp%2Fv2%2Fmedia&parent=30"}],"curies":[{"name":"wp","href":"https:\/\/api.w.org\/{rel}","templated":true}]}}