{"id":303,"date":"2022-01-07T18:04:25","date_gmt":"2022-01-07T18:04:25","guid":{"rendered":"http:\/\/continuumc.com\/?page_id=303"},"modified":"2022-01-13T18:04:38","modified_gmt":"2022-01-13T18:04:38","slug":"blog-livres","status":"publish","type":"page","link":"https:\/\/continuumc.com\/?page_id=303","title":{"rendered":"Blog \/ Livres"},"content":{"rendered":"\n<p><\/p>\n\n\n\n<p><\/p>\n\n\n\n<div class=\"wp-block-media-text alignwide is-stacked-on-mobile is-image-fill\"><figure class=\"wp-block-media-text__media\" style=\"background-image:url(http:\/\/continuumc.com\/wp-content\/uploads\/2022\/01\/book-library-with-open-textbook_1150-5920.jpg);background-position:75% 53%\"><img loading=\"lazy\" decoding=\"async\" width=\"626\" height=\"417\" src=\"http:\/\/continuumc.com\/wp-content\/uploads\/2022\/01\/book-library-with-open-textbook_1150-5920.jpg\" alt=\"\" class=\"wp-image-500 size-full\" srcset=\"https:\/\/continuumc.com\/wp-content\/uploads\/2022\/01\/book-library-with-open-textbook_1150-5920.jpg 626w, https:\/\/continuumc.com\/wp-content\/uploads\/2022\/01\/book-library-with-open-textbook_1150-5920-300x200.jpg 300w\" sizes=\"(max-width: 626px) 100vw, 626px\" \/><\/figure><div class=\"wp-block-media-text__content\">\n<h2 class=\"has-text-align-center wp-block-heading\">Livres<\/h2>\n\n\n\n<p class=\"has-text-align-center\">\u00ab Age of Union \u2013 Igniting the Changemaker \u00bb, Dasilva Dax, Montr\u00e9al, Anteism Book, 2019&nbsp;<\/p>\n\n\n\n<p class=\"has-text-align-center\">\u00ab Artistes, artisans et technocrates dans nos organisations \u00bb, Pitcher, Patricia. 2i\u00e8me \u00e9dition, Montr\u00e9al, Collection Presse HEC, 2017.&nbsp;<\/p>\n\n\n\n<p class=\"has-text-align-center\">\u00ab Comment lancer votre entreprise aux \u00c9tats-Unis \u00bb, Allard Vincent. Newark, DE. CorpoMax, Newark, DE. 2020&nbsp;<\/p>\n\n\n\n<p class=\"has-text-align-center\">\u00ab Comment nommer votre entreprise aux \u00c9tats-Unis \u00bb, Allard Vincent. Newark, DE. CorpoMax, Newark, DE. 2020&nbsp;<\/p>\n\n\n\n<p class=\"has-text-align-center\">\u00ab Comment ouvrir votre compte bancaire aux \u00c9tats-Unis \u00bb, Allard Vincent. Newark, DE. CorpoMax, Newark, DE. 2020&nbsp;<\/p>\n\n\n\n<p class=\"has-text-align-center\">\u00ab Comment r\u00e9ussir son premier financement \u00bb, Desmeules R\u00e9gis, Montr\u00e9al, Auteur et \u00c9diteur, 2021<\/p>\n<\/div><\/div>\n","protected":false},"excerpt":{"rendered":"<p>Livres \u00ab Age of Union \u2013 Igniting the Changemaker \u00bb, Dasilva Dax, Montr\u00e9al, Anteism Book, 2019&nbsp; \u00ab Artistes, artisans et technocrates dans nos organisations \u00bb, Pitcher, Patricia. 2i\u00e8me \u00e9dition, Montr\u00e9al, Collection Presse HEC, 2017.&nbsp; \u00ab Comment lancer votre entreprise aux \u00c9tats-Unis \u00bb, Allard Vincent. Newark, DE. CorpoMax, Newark, DE. 2020&nbsp; \u00ab Comment nommer votre entreprise [&hellip;]<\/p>\n","protected":false},"author":1,"featured_media":0,"parent":0,"menu_order":0,"comment_status":"closed","ping_status":"closed","template":"","meta":{"footnotes":""},"_links":{"self":[{"href":"https:\/\/continuumc.com\/index.php?rest_route=\/wp\/v2\/pages\/303"}],"collection":[{"href":"https:\/\/continuumc.com\/index.php?rest_route=\/wp\/v2\/pages"}],"about":[{"href":"https:\/\/continuumc.com\/index.php?rest_route=\/wp\/v2\/types\/page"}],"author":[{"embeddable":true,"href":"https:\/\/continuumc.com\/index.php?rest_route=\/wp\/v2\/users\/1"}],"replies":[{"embeddable":true,"href":"https:\/\/continuumc.com\/index.php?rest_route=%2Fwp%2Fv2%2Fcomments&post=303"}],"version-history":[{"count":11,"href":"https:\/\/continuumc.com\/index.php?rest_route=\/wp\/v2\/pages\/303\/revisions"}],"predecessor-version":[{"id":586,"href":"https:\/\/continuumc.com\/index.php?rest_route=\/wp\/v2\/pages\/303\/revisions\/586"}],"wp:attachment":[{"href":"https:\/\/continuumc.com\/index.php?rest_route=%2Fwp%2Fv2%2Fmedia&parent=303"}],"curies":[{"name":"wp","href":"https:\/\/api.w.org\/{rel}","templated":true}]}}