{"id":307,"date":"2022-01-07T18:05:47","date_gmt":"2022-01-07T18:05:47","guid":{"rendered":"http:\/\/continuumc.com\/?page_id=307"},"modified":"2022-01-13T18:16:02","modified_gmt":"2022-01-13T18:16:02","slug":"nouvelles","status":"publish","type":"page","link":"https:\/\/continuumc.com\/?page_id=307","title":{"rendered":"Nouvelles"},"content":{"rendered":"\n<div style=\"height:22px\" aria-hidden=\"true\" class=\"wp-block-spacer\"><\/div>\n\n\n\n<div class=\"wp-block-media-text alignwide is-stacked-on-mobile is-image-fill\" style=\"grid-template-columns:40% auto\"><figure class=\"wp-block-media-text__media\" style=\"background-image:url(http:\/\/continuumc.com\/wp-content\/uploads\/2022\/01\/worker-reading-news-with-tablet_1162-83.jpg);background-position:55.00000000000001% 57.99999999999999%\"><img loading=\"lazy\" decoding=\"async\" width=\"626\" height=\"417\" src=\"http:\/\/continuumc.com\/wp-content\/uploads\/2022\/01\/worker-reading-news-with-tablet_1162-83.jpg\" alt=\"\" class=\"wp-image-594 size-full\" srcset=\"https:\/\/continuumc.com\/wp-content\/uploads\/2022\/01\/worker-reading-news-with-tablet_1162-83.jpg 626w, https:\/\/continuumc.com\/wp-content\/uploads\/2022\/01\/worker-reading-news-with-tablet_1162-83-300x200.jpg 300w\" sizes=\"(max-width: 626px) 100vw, 626px\" \/><\/figure><div class=\"wp-block-media-text__content\">\n<h5 class=\"wp-block-heading\">Restez \u00e0 l&rsquo;aff\u00fbt des derni\u00e8res nouvelles et des mises \u00e0 jour!<\/h5>\n\n\n\n<p><em>Pour plus<\/em>\u00a0d&rsquo;<em>information<\/em>\u00a0sur ce sujet, cliquez sur les\u00a0<em>liens<\/em>\u00a0ci-dessous:<\/p>\n<\/div><\/div>\n\n\n\n<div class=\"wp-block-group is-layout-flow wp-block-group-is-layout-flow\"><div class=\"wp-block-group__inner-container\">\n<div class=\"wp-block-visual-link-preview-link\"><img decoding=\"async\" class=\"vlp-image\" src=\"https:\/\/www.lesaffaires.com\/uploads\/images\/normal\/a48cb7646cee136b752c463be02fcb9a.jpg\"\/><h3>Immune Biosolutions: m\u00e9dicament biologique prometteur contre la COVID-19<\/h3><div class=\"summary\">L\u2019entreprise annonce que son principal m\u00e9dicament, IBIO123, est capable de neutraliser \u00e0 100% la COVID et ses variants.<\/div><\/div>\n<\/div><\/div>\n","protected":false},"excerpt":{"rendered":"<p>Restez \u00e0 l&rsquo;aff\u00fbt des derni\u00e8res nouvelles et des mises \u00e0 jour! Pour plus\u00a0d&rsquo;information\u00a0sur ce sujet, cliquez sur les\u00a0liens\u00a0ci-dessous:<\/p>\n","protected":false},"author":1,"featured_media":0,"parent":0,"menu_order":0,"comment_status":"closed","ping_status":"closed","template":"","meta":{"footnotes":""},"_links":{"self":[{"href":"https:\/\/continuumc.com\/index.php?rest_route=\/wp\/v2\/pages\/307"}],"collection":[{"href":"https:\/\/continuumc.com\/index.php?rest_route=\/wp\/v2\/pages"}],"about":[{"href":"https:\/\/continuumc.com\/index.php?rest_route=\/wp\/v2\/types\/page"}],"author":[{"embeddable":true,"href":"https:\/\/continuumc.com\/index.php?rest_route=\/wp\/v2\/users\/1"}],"replies":[{"embeddable":true,"href":"https:\/\/continuumc.com\/index.php?rest_route=%2Fwp%2Fv2%2Fcomments&post=307"}],"version-history":[{"count":23,"href":"https:\/\/continuumc.com\/index.php?rest_route=\/wp\/v2\/pages\/307\/revisions"}],"predecessor-version":[{"id":610,"href":"https:\/\/continuumc.com\/index.php?rest_route=\/wp\/v2\/pages\/307\/revisions\/610"}],"wp:attachment":[{"href":"https:\/\/continuumc.com\/index.php?rest_route=%2Fwp%2Fv2%2Fmedia&parent=307"}],"curies":[{"name":"wp","href":"https:\/\/api.w.org\/{rel}","templated":true}]}}